{"id":8,"date":"2016-02-10T19:47:11","date_gmt":"2016-02-10T19:47:11","guid":{"rendered":"http:\/\/asianitbd.com\/wp\/gardencare\/?page_id=8"},"modified":"2019-10-18T17:12:23","modified_gmt":"2019-10-18T15:12:23","slug":"home","status":"publish","type":"page","link":"https:\/\/www.fispolan.pl\/firma\/","title":{"rendered":"Home"},"content":{"rendered":"<p>[vc_row][vc_column][rev_slider_vc alias=&#8221;home&#8221;][vc_empty_space][vc_custom_heading text=&#8221;FISPOLAN OD PROJEKTU DO WYKONANIA&#8221; font_container=&#8221;tag:h2|text_align:center&#8221; google_fonts=&#8221;font_family:Roboto%20Slab%3A100%2C300%2Cregular%2C700|font_style:700%20bold%20regular%3A700%3Anormal&#8221;][vc_separator color=&#8221;green&#8221; border_width=&#8221;3&#8243; css=&#8221;.vc_custom_1568285476740{margin-top: 5px !important;margin-bottom: 5px !important;}&#8221;][vc_empty_space][\/vc_column][\/vc_row][vc_row][vc_column width=&#8221;1\/3&#8243;][vc_single_image image=&#8221;821&#8243; img_size=&#8221;full&#8221; css=&#8221;.vc_custom_1568292002336{margin-right: 0px !important;margin-left: 0px !important;}&#8221;][\/vc_column][vc_column width=&#8221;1\/3&#8243;][vc_custom_heading text=&#8221;Wykonujemy roboty budowlano monta\u017cowe sieci i przy\u0142\u0105czy oraz wykonujemy us\u0142ugi:&#8221; google_fonts=&#8221;font_family:Roboto%20Slab%3A100%2C300%2Cregular%2C700|font_style:700%20bold%20regular%3A700%3Anormal&#8221;][vc_row_inner][vc_column_inner width=&#8221;1\/2&#8243;][vc_column_text]<\/p>\n<ul>\n<li><i class=\"fa fa-angle-right\"><\/i>\u00a0sieci wodoci\u0105gowych<\/li>\n<li><i class=\"fa fa-angle-right\"><\/i>\u00a0sieci gazowych<\/li>\n<li><i class=\"fa fa-angle-right\"><\/i>\u00a0sieci kanalizacyjnych<\/li>\n<li><i class=\"fa fa-angle-right\"><\/i>\u00a0przecisk\u00f3w<\/li>\n<\/ul>\n<p>[\/vc_column_text][\/vc_column_inner][vc_column_inner width=&#8221;1\/2&#8243;][vc_column_text]<\/p>\n<ul>\n<li><i class=\"fa fa-angle-right\">\u00a0<\/i>monitorowania sieci<\/li>\n<li><i class=\"fa fa-angle-right\"><\/i>\u00a0odwodnienia wykop\u00f3w<\/li>\n<li><i class=\"fa fa-angle-right\"><\/i>\u00a0przewiert\u00f3w horyzontalnych<\/li>\n<li>przepompownie i oczyszczalnie \u015bciek\u00f3w<\/li>\n<li><\/li>\n<\/ul>\n<p>[\/vc_column_text][\/vc_column_inner][\/vc_row_inner][\/vc_column][vc_column width=&#8221;1\/3&#8243;][vc_single_image image=&#8221;819&#8243; img_size=&#8221;full&#8221; css=&#8221;.vc_custom_1568291939278{margin-right: 0px !important;margin-left: 0px !important;}&#8221;][\/vc_column][\/vc_row][vc_row][vc_column][vc_empty_space][\/vc_column][\/vc_row][vc_row full_width=&#8221;stretch_row_content_no_spaces&#8221;][vc_column width=&#8221;1\/2&#8243;][vc_video link=&#8221;https:\/\/youtu.be\/XJ64MvfJfkw&#8221;][\/vc_column][vc_column width=&#8221;1\/2&#8243; css=&#8221;.vc_custom_1568284655682{background-image: url(http:\/\/www.fispolan.pl\/firma\/wp-content\/uploads\/2019\/09\/bg.jpg?id=787) !important;}&#8221;][vc_column_text css=&#8221;.vc_custom_1568285187629{margin-top: 10px !important;margin-right: 30px !important;margin-bottom: 10px !important;margin-left: 30px !important;}&#8221;]<\/p>\n<h2><strong>Przewierty horyzontalne<\/strong><\/h2>\n<p>Poni\u017cszy film przedstawia przebieg procesu przewiertu sterowanego. Do kontroli parametr\u00f3w wykonywanego otworu pilotowego stosuje si\u0119 system radiolokacji, magnetyczny i elektromagnetyczny. Sk\u0142ada si\u0119 on z wcze\u015bniej wspomnianej sondy (nadajnika zamieszczonego tu\u017c za g\u0142owica pilotow\u0105), przeno\u015bnego lokalizatora oraz monitora do wy\u015bwietlania danych. Sonda emituje sygna\u0142 radiowy, kt\u00f3ry jest odbierany przez przeno\u015bny lokalizator, umieszczony bezpo\u015brednio nad nadajnikiem. Lokalizator odbiera informacje dotycz\u0105ce po\u0142o\u017cenia sondy, kt\u00f3re przekazywane s\u0105 na stanowisko operatora wiertnicy.<\/p>\n<p><img loading=\"lazy\" class=\"aligncenter size-full wp-image-790\" src=\"http:\/\/www.fispolan.pl\/firma\/wp-content\/uploads\/2019\/09\/przekroj_cz.png\" alt=\"\" width=\"605\" height=\"225\" srcset=\"https:\/\/www.fispolan.pl\/firma\/wp-content\/uploads\/2019\/09\/przekroj_cz.png 605w, https:\/\/www.fispolan.pl\/firma\/wp-content\/uploads\/2019\/09\/przekroj_cz-300x112.png 300w\" sizes=\"(max-width: 605px) 100vw, 605px\" \/>[\/vc_column_text][vc_btn title=&#8221;czytaj wi\u0119cej&#8221; color=&#8221;black&#8221; size=&#8221;sm&#8221; link=&#8221;url:http%3A%2F%2Fwww.fispolan.pl%2Ffirma%2Fprzewierty-horyzontalne%2F||&#8221; css=&#8221;.vc_custom_1568285072720{margin-right: 50px !important;margin-left: 50px !important;}&#8221;][\/vc_column][\/vc_row][vc_row][vc_column]<section id=\"great-gardener-team\" style=\"background-image:url('https:\/\/www.fispolan.pl\/firma\/wp-content\/uploads\/2016\/02\/great-gardener-team-bg.jpg')\">\r\n    <div class=\"container\">\r\n        <div class=\"row\">\r\n            <div class=\"col-md-8 pull-right has-skew\">\r\n                <h2>Us\u0142ugi Wodno - Kanalizacyjne<\/h2>\r\n                <p>Firma Instalacji Sanitarnej POLAN buduje sieci wodoci\u0105gowe, kanalizacyjne, gazowe. <\/p>\r\n                <p class=\"has-btn\"><b>+48 34 35 88 656<\/b><span>or<\/span>\r\n                <\/p>\r\n                <a class=\"contact-button\" href=\"http:\/\/www.fispolan.pl\/firma\/kontakt\/\">\r\n                    <div class=\"contact-us-button\">Kontakt z nami<\/div>\r\n                    <i class=\"fa fa-arrow-circle-right\"><\/i>\r\n                <\/a>\r\n            <\/div>\r\n        <\/div>\r\n    <\/div>\r\n<\/section>\r\n\r\n[\/vc_column][\/vc_row][vc_row][vc_column][\/vc_column][\/vc_row]<\/p>\n","protected":false},"excerpt":{"rendered":"<p>[vc_row][vc_column][rev_slider_vc alias=&#8221;home&#8221;][vc_empty_space][vc_custom_heading text=&#8221;FISPOLAN OD PROJEKTU DO WYKONANIA&#8221; font_container=&#8221;tag:h2|text_align:center&#8221; google_fonts=&#8221;font_family:Roboto%20Slab%3A100%2C300%2Cregular%2C700|font_style:700%20bold%20regular%3A700%3Anormal&#8221;][vc_separator color=&#8221;green&#8221; border_width=&#8221;3&#8243; css=&#8221;.vc_custom_1568285476740{margin-top: 5px !important;margin-bottom: 5px !important;}&#8221;][vc_empty_space][\/vc_column][\/vc_row][vc_row][vc_column width=&#8221;1\/3&#8243;][vc_single_image image=&#8221;821&#8243; img_size=&#8221;full&#8221; css=&#8221;.vc_custom_1568292002336{margin-right: 0px !important;margin-left: 0px !important;}&#8221;][\/vc_column][vc_column width=&#8221;1\/3&#8243;][vc_custom_heading text=&#8221;Wykonujemy roboty budowlano monta\u017cowe sieci i przy\u0142\u0105czy oraz wykonujemy us\u0142ugi:&#8221; google_fonts=&#8221;font_family:Roboto%20Slab%3A100%2C300%2Cregular%2C700|font_style:700%20bold%20regular%3A700%3Anormal&#8221;][vc_row_inner][vc_column_inner width=&#8221;1\/2&#8243;][vc_column_text] \u00a0sieci wodoci\u0105gowych \u00a0sieci gazowych \u00a0sieci kanalizacyjnych \u00a0przecisk\u00f3w [\/vc_column_text][\/vc_column_inner][vc_column_inner width=&#8221;1\/2&#8243;][vc_column_text] \u00a0monitorowania sieci \u00a0odwodnienia wykop\u00f3w \u00a0przewiert\u00f3w horyzontalnych przepompownie i oczyszczalnie<\/p>\n","protected":false},"author":1,"featured_media":0,"parent":0,"menu_order":0,"comment_status":"closed","ping_status":"closed","template":"tpl-visual_composer.php","meta":[],"_links":{"self":[{"href":"https:\/\/www.fispolan.pl\/firma\/wp-json\/wp\/v2\/pages\/8"}],"collection":[{"href":"https:\/\/www.fispolan.pl\/firma\/wp-json\/wp\/v2\/pages"}],"about":[{"href":"https:\/\/www.fispolan.pl\/firma\/wp-json\/wp\/v2\/types\/page"}],"author":[{"embeddable":true,"href":"https:\/\/www.fispolan.pl\/firma\/wp-json\/wp\/v2\/users\/1"}],"replies":[{"embeddable":true,"href":"https:\/\/www.fispolan.pl\/firma\/wp-json\/wp\/v2\/comments?post=8"}],"version-history":[{"count":69,"href":"https:\/\/www.fispolan.pl\/firma\/wp-json\/wp\/v2\/pages\/8\/revisions"}],"predecessor-version":[{"id":836,"href":"https:\/\/www.fispolan.pl\/firma\/wp-json\/wp\/v2\/pages\/8\/revisions\/836"}],"wp:attachment":[{"href":"https:\/\/www.fispolan.pl\/firma\/wp-json\/wp\/v2\/media?parent=8"}],"curies":[{"name":"wp","href":"https:\/\/api.w.org\/{rel}","templated":true}]}}